{"id":4144,"date":"2020-05-14T22:51:46","date_gmt":"2020-05-14T22:51:46","guid":{"rendered":"https:\/\/casavostrahome.com\/privacy-policy\/"},"modified":"2025-04-30T14:35:35","modified_gmt":"2025-04-30T14:35:35","slug":"privacy-policy","status":"publish","type":"page","link":"https:\/\/casavostrahome.com\/en\/privacy-policy\/","title":{"rendered":"Privacy Policy"},"content":{"rendered":"\t\t<div data-elementor-type=\"wp-page\" data-elementor-id=\"4144\" class=\"elementor elementor-4144 elementor-682\" data-elementor-post-type=\"page\">\n\t\t\t\t\t\t<section class=\"elementor-section elementor-top-section elementor-element elementor-element-93bf2bf elementor-section-height-min-height elementor-section-content-middle elementor-section-boxed elementor-section-height-default elementor-section-items-middle\" data-id=\"93bf2bf\" data-element_type=\"section\" data-e-type=\"section\" data-settings=\"{&quot;background_background&quot;:&quot;classic&quot;}\">\n\t\t\t\t\t\t\t<div class=\"elementor-background-overlay\"><\/div>\n\t\t\t\t\t\t\t<div class=\"elementor-container elementor-column-gap-default\">\n\t\t\t\t\t<div class=\"elementor-column elementor-col-50 elementor-top-column elementor-element elementor-element-6f781ec\" data-id=\"6f781ec\" data-element_type=\"column\" data-e-type=\"column\" data-settings=\"{&quot;background_background&quot;:&quot;classic&quot;}\">\n\t\t\t<div class=\"elementor-widget-wrap elementor-element-populated\">\n\t\t\t\t\t\t<div class=\"elementor-element elementor-element-182926e elementor-widget__width-auto elementor-widget elementor-widget-heading\" data-id=\"182926e\" data-element_type=\"widget\" data-e-type=\"widget\" data-widget_type=\"heading.default\">\n\t\t\t\t\t<h1 class=\"elementor-heading-title elementor-size-default\">PRIVACY POLICY<\/h1>\t\t\t\t<\/div>\n\t\t\t\t\t<\/div>\n\t\t<\/div>\n\t\t\t\t<div class=\"elementor-column elementor-col-50 elementor-top-column elementor-element elementor-element-4ef4a85\" data-id=\"4ef4a85\" data-element_type=\"column\" data-e-type=\"column\" data-settings=\"{&quot;background_background&quot;:&quot;classic&quot;}\">\n\t\t\t<div class=\"elementor-widget-wrap\">\n\t\t\t\t\t\t\t<\/div>\n\t\t<\/div>\n\t\t\t\t\t<\/div>\n\t\t<\/section>\n\t\t\t\t<section class=\"elementor-section elementor-top-section elementor-element elementor-element-c2d6f6f elementor-section-boxed elementor-section-height-default elementor-section-height-default\" data-id=\"c2d6f6f\" data-element_type=\"section\" data-e-type=\"section\">\n\t\t\t\t\t\t<div class=\"elementor-container elementor-column-gap-default\">\n\t\t\t\t\t<div class=\"elementor-column elementor-col-100 elementor-top-column elementor-element elementor-element-0d09733\" data-id=\"0d09733\" data-element_type=\"column\" data-e-type=\"column\">\n\t\t\t<div class=\"elementor-widget-wrap elementor-element-populated\">\n\t\t\t\t\t\t<section class=\"elementor-section elementor-inner-section elementor-element elementor-element-c150385 elementor-section-boxed elementor-section-height-default elementor-section-height-default\" data-id=\"c150385\" data-element_type=\"section\" data-e-type=\"section\">\n\t\t\t\t\t\t<div class=\"elementor-container elementor-column-gap-default\">\n\t\t\t\t\t<div class=\"elementor-column elementor-col-100 elementor-inner-column elementor-element elementor-element-9e10adc\" data-id=\"9e10adc\" data-element_type=\"column\" data-e-type=\"column\">\n\t\t\t<div class=\"elementor-widget-wrap elementor-element-populated\">\n\t\t\t\t\t\t<div class=\"elementor-element elementor-element-61f2cfe elementor-widget elementor-widget-heading\" data-id=\"61f2cfe\" data-element_type=\"widget\" data-e-type=\"widget\" data-widget_type=\"heading.default\">\n\t\t\t\t\t<h3 class=\"elementor-heading-title elementor-size-default\">Privacy Policy<\/h3>\t\t\t\t<\/div>\n\t\t\t\t<div class=\"elementor-element elementor-element-0b15b2f elementor-widget elementor-widget-text-editor\" data-id=\"0b15b2f\" data-element_type=\"widget\" data-e-type=\"widget\" data-widget_type=\"text-editor.default\">\n\t\t\t\t\t\t\t\t\t<p id=\"u32926-4\" class=\"BODY\"><span style=\"font-weight: 400;\">Alquatro is Interior Design studio and lifestyle shop located in Almancil, Portugal, operated by the company Almancil 4-Decora\u00e7\u00f5es e Restaura\u00e7\u00e3o, Lda, legal person number 504 955 144.<\/span><\/p>\t\t\t\t\t\t\t\t<\/div>\n\t\t\t\t<div class=\"elementor-element elementor-element-9378163 elementor-widget elementor-widget-text-editor\" data-id=\"9378163\" data-element_type=\"widget\" data-e-type=\"widget\" data-widget_type=\"text-editor.default\">\n\t\t\t\t\t\t\t\t\t<p id=\"u32926-4\" class=\"BODY\"><span style=\"font-weight: 400;\">We are determined to guarantee a high quality service to our customers, therefore being subject to the highest privacy standards, respecting all the legally established rules to ensure that your personal information is treated in a safe and responsible manner.<\/span><\/p>\t\t\t\t\t\t\t\t<\/div>\n\t\t\t\t<div class=\"elementor-element elementor-element-06ef805 elementor-widget elementor-widget-text-editor\" data-id=\"06ef805\" data-element_type=\"widget\" data-e-type=\"widget\" data-widget_type=\"text-editor.default\">\n\t\t\t\t\t\t\t\t\t<p><span style=\"font-weight: 400;\">This policy explains how we do this and includes information collected when you:<\/span><\/p><ul><li><span style=\"font-weight: 400;\"> use our website (www.alquatro.pt);<\/span><\/li><li><span style=\"font-weight: 400;\"> order a product or service with us;<\/span><\/li><li><span style=\"font-weight: 400;\"> sign up to receive emails with practical information, news, notifications or offers;<\/span><\/li><li><span style=\"font-weight: 400;\"> contact us, ask questions on our website, text or by email.<\/span><\/li><\/ul><p><span style=\"font-weight: 400;\">This policy applies only to information collected by Alquatro through its Services.<\/span><\/p><p><span style=\"font-weight: 400;\">This policy does NOT apply to information provided or collected by third parties and social networks used in connection with our Services. We recommend that you consult these third parties directly about their privacy practices. <\/span><\/p>\t\t\t\t\t\t\t\t<\/div>\n\t\t\t\t<div class=\"elementor-element elementor-element-8635688 elementor-widget elementor-widget-heading\" data-id=\"8635688\" data-element_type=\"widget\" data-e-type=\"widget\" data-widget_type=\"heading.default\">\n\t\t\t\t\t<h3 class=\"elementor-heading-title elementor-size-default\">Use of Personal Data and Purpose <\/h3>\t\t\t\t<\/div>\n\t\t\t\t<div class=\"elementor-element elementor-element-5f0c544 elementor-widget elementor-widget-text-editor\" data-id=\"5f0c544\" data-element_type=\"widget\" data-e-type=\"widget\" data-widget_type=\"text-editor.default\">\n\t\t\t\t\t\t\t\t\t<p><span style=\"font-weight: 400;\">Personal Data means any data relating to a person that can be directly \/ indirectly identified from that information. <\/span><\/p><p><span style=\"font-weight: 400;\">The personal data you provide to us will be processed by Alquatro in order to facilitate bookings, billing, promotion, customer management, compliance with legal obligations, quality of service control and to allow future contacts.<\/span><\/p><p><span style=\"font-weight: 400;\">When you make an order or buy a product with us we collect the personal data necessary to fulfill your request, namely your contacts and fiscal data if necessary: Name; VAT number, email address, phone number and address. <\/span><\/p><p><span style=\"font-weight: 400;\">For your personal convenience and to provide a quick service, unless you tell us otherwise, we retain this information for future orders. This data is not used for any use other than that of sales at Alquatro. <\/span><\/p><p><span style=\"font-weight: 400;\">When you sign up to receive news from us, we collect your name and email and your preferences \u2013 if you want to receive contacts regarding practical information such as schedules and \/ or offers, news and events. <\/span><\/p><p><span style=\"font-weight: 400;\">We will not contact you for marketing purposes by email, phone or text message, unless you have given your prior consent. <\/span><\/p><p><span style=\"font-weight: 400;\">Your personal data will only be used for the purposes indicated above and will not be transmitted to other entities unless you give us your express consent, nor will they be used for purposes other than those for which you gave us consent.<\/span><\/p><p><span style=\"font-weight: 400;\">By providing your personal data, you agree that we may use your personal data in accordance with this policy and for the purposes indicated. <\/span><\/p>\t\t\t\t\t\t\t\t<\/div>\n\t\t\t\t<div class=\"elementor-element elementor-element-1775644 elementor-widget elementor-widget-heading\" data-id=\"1775644\" data-element_type=\"widget\" data-e-type=\"widget\" data-widget_type=\"heading.default\">\n\t\t\t\t\t<h3 class=\"elementor-heading-title elementor-size-default\">Right of access, rectification, deletion, treatment limitation, oppose the treatment, request the portability of your data<\/h3>\t\t\t\t<\/div>\n\t\t\t\t<div class=\"elementor-element elementor-element-9ae683a elementor-widget elementor-widget-text-editor\" data-id=\"9ae683a\" data-element_type=\"widget\" data-e-type=\"widget\" data-widget_type=\"text-editor.default\">\n\t\t\t\t\t\t\t\t\t<p><span style=\"font-weight: 400;\">As the holder of personal data, you have the right at any time to request the following from Alquatro:<\/span><\/p><ul><li style=\"font-weight: 400;\"><span style=\"font-weight: 400;\">consult your data<\/span><\/li><li style=\"font-weight: 400;\"><span style=\"font-weight: 400;\">request rectification of your data<\/span><\/li><li style=\"font-weight: 400;\"><span style=\"font-weight: 400;\">request the deletion of your data<\/span><\/li><li style=\"font-weight: 400;\"><span style=\"font-weight: 400;\">withdraw consent for the processing of your data<\/span><\/li><li style=\"font-weight: 400;\"><span style=\"font-weight: 400;\">request the portability of your data to an entity you indicate.<\/span><\/li><\/ul><p><span style=\"font-weight: 400;\">We emphasize, however, that if there is any legally imposed obligation that overrides these rights, Alquatro will inform the holder of the personal data of the impossibility of executing the request, indicating the respective grounds.<\/span><\/p>\t\t\t\t\t\t\t\t<\/div>\n\t\t\t\t<div class=\"elementor-element elementor-element-20ccb7c elementor-widget elementor-widget-heading\" data-id=\"20ccb7c\" data-element_type=\"widget\" data-e-type=\"widget\" data-widget_type=\"heading.default\">\n\t\t\t\t\t<h3 class=\"elementor-heading-title elementor-size-default\">Alteration or revocation of consent<\/h3>\t\t\t\t<\/div>\n\t\t\t\t<div class=\"elementor-element elementor-element-5ba6146 elementor-widget elementor-widget-text-editor\" data-id=\"5ba6146\" data-element_type=\"widget\" data-e-type=\"widget\" data-widget_type=\"text-editor.default\">\n\t\t\t\t\t\t\t\t\t<p><span style=\"font-weight: 400;\">Consent can be revoked at any time even if the revocation only applies to future situations, and does not have retroactive effects, so the treatment that occurred before the revocation is not covered by it.<\/span><\/p><p><span style=\"font-weight: 400;\">After revoking your consent, you will no longer be contacted and receive communications for the purposes described in this Privacy Policy. If you wish to withdraw your consent, you can contact us for any of the other contacts mentioned. <\/span><\/p>\t\t\t\t\t\t\t\t<\/div>\n\t\t\t\t<div class=\"elementor-element elementor-element-9bf9dfd elementor-widget elementor-widget-heading\" data-id=\"9bf9dfd\" data-element_type=\"widget\" data-e-type=\"widget\" data-widget_type=\"heading.default\">\n\t\t\t\t\t<h3 class=\"elementor-heading-title elementor-size-default\">Responsibility for processing personal data\n<\/h3>\t\t\t\t<\/div>\n\t\t\t\t<div class=\"elementor-element elementor-element-ef00f43 elementor-widget elementor-widget-text-editor\" data-id=\"ef00f43\" data-element_type=\"widget\" data-e-type=\"widget\" data-widget_type=\"text-editor.default\">\n\t\t\t\t\t\t\t\t\t<p>Alquatro is responsible for processing the personal data of its customers and \/ or potential customers, whether automated or not, from collection, organization, conservation to disposal.<\/p><p>Alquatro knows and complies with the rules for the processing of personal data, provided for in Regulation (EU) 2016\/679, of the European Parliament and of the Council of 27 April 2016, hereinafter referred to as the General Data Protection Regulation (GDPR).<\/p>\t\t\t\t\t\t\t\t<\/div>\n\t\t\t\t<div class=\"elementor-element elementor-element-3c46db2 elementor-widget elementor-widget-heading\" data-id=\"3c46db2\" data-element_type=\"widget\" data-e-type=\"widget\" data-widget_type=\"heading.default\">\n\t\t\t\t\t<h3 class=\"elementor-heading-title elementor-size-default\">Security measures<\/h3>\t\t\t\t<\/div>\n\t\t\t\t<div class=\"elementor-element elementor-element-6cb21d6 elementor-widget elementor-widget-text-editor\" data-id=\"6cb21d6\" data-element_type=\"widget\" data-e-type=\"widget\" data-widget_type=\"text-editor.default\">\n\t\t\t\t\t\t\t\t\t<p>To help protect, maintain the security, integrity and availability of your personal data, we continually strive to implement and maintain appropriate security measures to protect your personal data, in accordance with legally applicable data protection requirements.<\/p><p>If Alquatro subcontracts other entities that involve the provision of personal data, these entities will be obliged to adopt the necessary technical and organizational measures in order to guarantee the protection of personal data against destruction, loss, alteration, disclosure, access unauthorized use or any other type of unlawful treatment.<\/p>\t\t\t\t\t\t\t\t<\/div>\n\t\t\t\t<div class=\"elementor-element elementor-element-a34ce64 elementor-widget elementor-widget-heading\" data-id=\"a34ce64\" data-element_type=\"widget\" data-e-type=\"widget\" data-widget_type=\"heading.default\">\n\t\t\t\t\t<h3 class=\"elementor-heading-title elementor-size-default\">Data retention period<\/h3>\t\t\t\t<\/div>\n\t\t\t\t<div class=\"elementor-element elementor-element-08caa0c elementor-widget elementor-widget-text-editor\" data-id=\"08caa0c\" data-element_type=\"widget\" data-e-type=\"widget\" data-widget_type=\"text-editor.default\">\n\t\t\t\t\t\t\t\t\t<p>Your personal data will only be kept for as long as necessary for the purpose for which it was collected, applying information retention criteria appropriate to each treatment and in line with the applicable legal and regulatory obligations.<\/p><p>For the purposes described in this Privacy Policy, your personal data will be kept for a maximum period of 24 months, counting from the collection of your consent or the last contact made (whichever occurs last) and if so, within this period, has not withdrawn his consent, under the terms legally provided.<\/p><p>In situations of service provision that require the storage of billing data by Tax Law, Alquatro is obliged to keep this data for the period provided for in the Law.<\/p>\t\t\t\t\t\t\t\t<\/div>\n\t\t\t\t<div class=\"elementor-element elementor-element-3ea2516 elementor-widget elementor-widget-heading\" data-id=\"3ea2516\" data-element_type=\"widget\" data-e-type=\"widget\" data-widget_type=\"heading.default\">\n\t\t\t\t\t<h3 class=\"elementor-heading-title elementor-size-default\">Contacts:\n<br><br>Data Protection Officer\n<\/h3>\t\t\t\t<\/div>\n\t\t\t\t<div class=\"elementor-element elementor-element-9ac4de0 elementor-widget elementor-widget-text-editor\" data-id=\"9ac4de0\" data-element_type=\"widget\" data-e-type=\"widget\" data-widget_type=\"text-editor.default\">\n\t\t\t\t\t\t\t\t\t<p><span style=\"font-size: inherit; text-align: inherit; letter-spacing: -0.015em;\">Alquatro (Almancil 4 &#8211; Decora\u00e7\u00f5es e Restaura\u00e7\u00e3o, Lda).<\/span><\/p><p><span style=\"font-weight: 400;\">AV 5 Outubro 302, 8135-103 Almancil, Portugal<\/span><\/p><p><span style=\"font-weight: 400;\">E-mail: alquatro@casavostrahome.com<\/span><\/p><p><span style=\"font-weight: 400;\">Tel.: +351 289 393 222<\/span><\/p>\t\t\t\t\t\t\t\t<\/div>\n\t\t\t\t<div class=\"elementor-element elementor-element-aec0541 elementor-widget elementor-widget-heading\" data-id=\"aec0541\" data-element_type=\"widget\" data-e-type=\"widget\" data-widget_type=\"heading.default\">\n\t\t\t\t\t<h3 class=\"elementor-heading-title elementor-size-default\">Right of complaint\n<\/h3>\t\t\t\t<\/div>\n\t\t\t\t<div class=\"elementor-element elementor-element-2b2b76d elementor-widget elementor-widget-text-editor\" data-id=\"2b2b76d\" data-element_type=\"widget\" data-e-type=\"widget\" data-widget_type=\"text-editor.default\">\n\t\t\t\t\t\t\t\t\t<p><span style=\"font-size: inherit; text-align: inherit; letter-spacing: -0.015em;\">Caso entenda que os seus dados pessoais n\u00e3o est\u00e3o a ser tratados de acordo com o disposto na legisla\u00e7\u00e3o aplic\u00e1vel tem o direito de apresentar reclama\u00e7\u00e3o a uma autoridade de controlo (ex.: Comiss\u00e3o Nacional de Prote\u00e7\u00e3o de Dados \u2013 CNPD com o e-mail: <\/span><span style=\"font-size: inherit; text-align: inherit; letter-spacing: -0.015em;\">geral@cnpd.pt<\/span><span style=\"font-size: inherit; text-align: inherit; letter-spacing: -0.015em;\">).<\/span><\/p><p><b>Revisions to the Privacy Policy<\/b><\/p><p><span style=\"font-weight: 400;\">Alquatro<\/span><span style=\"font-weight: 400;\"> reserves the right to make changes and \/ or revisions to this Privacy Policy, with any changes and \/ or revisions duly communicated and published on the website.<\/span><\/p><p><i><span style=\"font-weight: 400;\">Last updated April 2020<\/span><\/i><\/p>\t\t\t\t\t\t\t\t<\/div>\n\t\t\t\t<div class=\"elementor-element elementor-element-6165762 elementor-widget elementor-widget-heading\" data-id=\"6165762\" data-element_type=\"widget\" data-e-type=\"widget\" data-widget_type=\"heading.default\">\n\t\t\t\t\t<h3 class=\"elementor-heading-title elementor-size-default\">Revisions to the Privacy Policy\n\n<\/h3>\t\t\t\t<\/div>\n\t\t\t\t<div class=\"elementor-element elementor-element-82cc698 elementor-widget elementor-widget-text-editor\" data-id=\"82cc698\" data-element_type=\"widget\" data-e-type=\"widget\" data-widget_type=\"text-editor.default\">\n\t\t\t\t\t\t\t\t\t<p><span style=\"font-size: inherit; text-align: inherit; letter-spacing: -0.015em;\">Alquatro<\/span> <span style=\"font-size: inherit; text-align: inherit; letter-spacing: -0.015em;\">reserves the right to make changes and \/ or revisions to this Privacy Policy, with any changes and \/ or revisions duly communicated and published on the website.<\/span><\/p><p><i><span style=\"font-weight: 400;\">Last updated April 2020<\/span><\/i><\/p>\t\t\t\t\t\t\t\t<\/div>\n\t\t\t\t\t<\/div>\n\t\t<\/div>\n\t\t\t\t\t<\/div>\n\t\t<\/section>\n\t\t\t\t\t<\/div>\n\t\t<\/div>\n\t\t\t\t\t<\/div>\n\t\t<\/section>\n\t\t\t\t<\/div>\n\t\t","protected":false},"excerpt":{"rendered":"<p>PRIVACY POLICY Privacy Policy Alquatro is Interior Design studio and lifestyle shop located in Almancil, Portugal, operated by the company Almancil 4-Decora\u00e7\u00f5es e Restaura\u00e7\u00e3o, Lda, legal person number 504 955 144. We are determined to guarantee a high quality service to our customers, therefore being subject to the highest privacy standards, respecting all the legally [&hellip;]<\/p>\n","protected":false},"author":5,"featured_media":0,"parent":0,"menu_order":0,"comment_status":"closed","ping_status":"closed","template":"elementor_header_footer","meta":{"inline_featured_image":false,"footnotes":""},"class_list":["post-4144","page","type-page","status-publish","hentry"],"_links":{"self":[{"href":"https:\/\/casavostrahome.com\/en\/wp-json\/wp\/v2\/pages\/4144","targetHints":{"allow":["GET"]}}],"collection":[{"href":"https:\/\/casavostrahome.com\/en\/wp-json\/wp\/v2\/pages"}],"about":[{"href":"https:\/\/casavostrahome.com\/en\/wp-json\/wp\/v2\/types\/page"}],"author":[{"embeddable":true,"href":"https:\/\/casavostrahome.com\/en\/wp-json\/wp\/v2\/users\/5"}],"replies":[{"embeddable":true,"href":"https:\/\/casavostrahome.com\/en\/wp-json\/wp\/v2\/comments?post=4144"}],"version-history":[{"count":4,"href":"https:\/\/casavostrahome.com\/en\/wp-json\/wp\/v2\/pages\/4144\/revisions"}],"predecessor-version":[{"id":4157,"href":"https:\/\/casavostrahome.com\/en\/wp-json\/wp\/v2\/pages\/4144\/revisions\/4157"}],"wp:attachment":[{"href":"https:\/\/casavostrahome.com\/en\/wp-json\/wp\/v2\/media?parent=4144"}],"curies":[{"name":"wp","href":"https:\/\/api.w.org\/{rel}","templated":true}]}}