{"id":4106,"date":"2020-05-05T16:41:44","date_gmt":"2020-05-05T16:41:44","guid":{"rendered":"https:\/\/casavostrahome.com\/herdade-do-peso-project\/"},"modified":"2025-07-28T12:51:08","modified_gmt":"2025-07-28T12:51:08","slug":"casa-malia-oproject","status":"publish","type":"page","link":"https:\/\/casavostrahome.com\/en\/casa-malia-oproject\/","title":{"rendered":"Casa Malia Project"},"content":{"rendered":"\t\t<div data-elementor-type=\"wp-page\" data-elementor-id=\"4106\" class=\"elementor elementor-4106 elementor-505\" data-elementor-post-type=\"page\">\n\t\t\t\t\t\t<section class=\"elementor-section elementor-top-section elementor-element elementor-element-77a2131 elementor-section-height-min-height elementor-section-content-middle elementor-section-boxed elementor-section-height-default elementor-section-items-middle\" data-id=\"77a2131\" data-element_type=\"section\" data-e-type=\"section\" data-settings=\"{&quot;background_background&quot;:&quot;classic&quot;}\">\n\t\t\t\t\t\t\t<div class=\"elementor-background-overlay\"><\/div>\n\t\t\t\t\t\t\t<div class=\"elementor-container elementor-column-gap-default\">\n\t\t\t\t\t<div class=\"elementor-column elementor-col-50 elementor-top-column elementor-element elementor-element-c15a369\" data-id=\"c15a369\" data-element_type=\"column\" data-e-type=\"column\" data-settings=\"{&quot;background_background&quot;:&quot;classic&quot;}\">\n\t\t\t<div class=\"elementor-widget-wrap elementor-element-populated\">\n\t\t\t\t\t\t<div class=\"elementor-element elementor-element-45958e4 elementor-widget__width-auto elementor-widget elementor-widget-heading\" data-id=\"45958e4\" data-element_type=\"widget\" data-e-type=\"widget\" data-widget_type=\"heading.default\">\n\t\t\t\t\t<h1 class=\"elementor-heading-title elementor-size-default\">CASA MALIA<\/h1>\t\t\t\t<\/div>\n\t\t\t\t\t<\/div>\n\t\t<\/div>\n\t\t\t\t<div class=\"elementor-column elementor-col-50 elementor-top-column elementor-element elementor-element-1c875cd\" data-id=\"1c875cd\" data-element_type=\"column\" data-e-type=\"column\" data-settings=\"{&quot;background_background&quot;:&quot;classic&quot;}\">\n\t\t\t<div class=\"elementor-widget-wrap\">\n\t\t\t\t\t\t\t<\/div>\n\t\t<\/div>\n\t\t\t\t\t<\/div>\n\t\t<\/section>\n\t\t\t\t<section class=\"elementor-section elementor-top-section elementor-element elementor-element-0b521dc elementor-section-boxed elementor-section-height-default elementor-section-height-default\" data-id=\"0b521dc\" data-element_type=\"section\" data-e-type=\"section\">\n\t\t\t\t\t\t<div class=\"elementor-container elementor-column-gap-default\">\n\t\t\t\t\t<div class=\"elementor-column elementor-col-100 elementor-top-column elementor-element elementor-element-78cae16\" data-id=\"78cae16\" data-element_type=\"column\" data-e-type=\"column\">\n\t\t\t<div class=\"elementor-widget-wrap elementor-element-populated\">\n\t\t\t\t\t\t<div class=\"elementor-element elementor-element-15fcbfb elementor-widget elementor-widget-gallery\" data-id=\"15fcbfb\" data-element_type=\"widget\" data-e-type=\"widget\" data-settings=\"{&quot;columns&quot;:2,&quot;gap&quot;:{&quot;unit&quot;:&quot;px&quot;,&quot;size&quot;:8,&quot;sizes&quot;:[]},&quot;aspect_ratio&quot;:&quot;21:9&quot;,&quot;gallery_layout&quot;:&quot;grid&quot;,&quot;columns_tablet&quot;:2,&quot;columns_mobile&quot;:1,&quot;gap_tablet&quot;:{&quot;unit&quot;:&quot;px&quot;,&quot;size&quot;:10,&quot;sizes&quot;:[]},&quot;gap_mobile&quot;:{&quot;unit&quot;:&quot;px&quot;,&quot;size&quot;:10,&quot;sizes&quot;:[]},&quot;link_to&quot;:&quot;file&quot;,&quot;overlay_background&quot;:&quot;yes&quot;,&quot;content_hover_animation&quot;:&quot;fade-in&quot;}\" data-widget_type=\"gallery.default\">\n\t\t\t\t\t\t\t<div class=\"elementor-gallery__container\">\n\t\t\t\t\t\t\t<a class=\"e-gallery-item elementor-gallery-item elementor-animated-content\" href=\"https:\/\/casavostrahome.com\/wp-content\/uploads\/2025\/06\/3.74-DSC_7717.jpg\" data-elementor-open-lightbox=\"yes\" data-elementor-lightbox-slideshow=\"15fcbfb\" data-elementor-lightbox-title=\"3.74-DSC_7717\" data-elementor-lightbox-description=\"Algarve. Design de Interiores, Interior design. Rustic-chic, Timeless\" data-e-action-hash=\"#elementor-action%3Aaction%3Dlightbox%26settings%3DeyJpZCI6NDM5NSwidXJsIjoiaHR0cHM6XC9cL2Nhc2F2b3N0cmFob21lLmNvbVwvd3AtY29udGVudFwvdXBsb2Fkc1wvMjAyNVwvMDZcLzMuNzQtRFNDXzc3MTcuanBnIiwic2xpZGVzaG93IjoiMTVmY2JmYiJ9\">\n\t\t\t\t\t<div class=\"e-gallery-image elementor-gallery-item__image\" data-thumbnail=\"https:\/\/casavostrahome.com\/wp-content\/uploads\/2025\/06\/3.74-DSC_7717-1024x654.jpg\" data-width=\"580\" data-height=\"370\" aria-label=\"Casavostra home - interiors-porfolio-casa malia\" role=\"img\" ><\/div>\n\t\t\t\t\t\t\t\t\t\t\t<div class=\"elementor-gallery-item__overlay\"><\/div>\n\t\t\t\t\t\t\t\t\t\t\t\t\t\t<\/a>\n\t\t\t\t\t\t\t<a class=\"e-gallery-item elementor-gallery-item elementor-animated-content\" href=\"https:\/\/casavostrahome.com\/wp-content\/uploads\/2025\/06\/25.214-Z72_4203.jpg\" data-elementor-open-lightbox=\"yes\" data-elementor-lightbox-slideshow=\"15fcbfb\" data-elementor-lightbox-title=\"25.214-Z72_4203\" data-elementor-lightbox-description=\"Cabeceiras de cama \u00e0 medida. Personalized head boards. Algarve\" data-e-action-hash=\"#elementor-action%3Aaction%3Dlightbox%26settings%3DeyJpZCI6NDM5MywidXJsIjoiaHR0cHM6XC9cL2Nhc2F2b3N0cmFob21lLmNvbVwvd3AtY29udGVudFwvdXBsb2Fkc1wvMjAyNVwvMDZcLzI1LjIxNC1aNzJfNDIwMy5qcGciLCJzbGlkZXNob3ciOiIxNWZjYmZiIn0%3D\">\n\t\t\t\t\t<div class=\"e-gallery-image elementor-gallery-item__image\" data-thumbnail=\"https:\/\/casavostrahome.com\/wp-content\/uploads\/2025\/06\/25.214-Z72_4203-683x1024.jpg\" data-width=\"580\" data-height=\"870\" aria-label=\"Casavostra home - interiors-porfolio-casa malia\" role=\"img\" ><\/div>\n\t\t\t\t\t\t\t\t\t\t\t<div class=\"elementor-gallery-item__overlay\"><\/div>\n\t\t\t\t\t\t\t\t\t\t\t\t\t\t<\/a>\n\t\t\t\t\t\t\t<a class=\"e-gallery-item elementor-gallery-item elementor-animated-content\" href=\"https:\/\/casavostrahome.com\/wp-content\/uploads\/2025\/06\/21.229-Z72_4240.jpg\" data-elementor-open-lightbox=\"yes\" data-elementor-lightbox-slideshow=\"15fcbfb\" data-elementor-lightbox-title=\"21.229-Z72_4240\" data-elementor-lightbox-description=\"Algarve. Decora\" data-e-action-hash=\"#elementor-action%3Aaction%3Dlightbox%26settings%3DeyJpZCI6NDM5MSwidXJsIjoiaHR0cHM6XC9cL2Nhc2F2b3N0cmFob21lLmNvbVwvd3AtY29udGVudFwvdXBsb2Fkc1wvMjAyNVwvMDZcLzIxLjIyOS1aNzJfNDI0MC5qcGciLCJzbGlkZXNob3ciOiIxNWZjYmZiIn0%3D\">\n\t\t\t\t\t<div class=\"e-gallery-image elementor-gallery-item__image\" data-thumbnail=\"https:\/\/casavostrahome.com\/wp-content\/uploads\/2025\/06\/21.229-Z72_4240-683x1024.jpg\" data-width=\"580\" data-height=\"870\" aria-label=\"Casavostra home - interiors-porfolio-casa malia\" role=\"img\" ><\/div>\n\t\t\t\t\t\t\t\t\t\t\t<div class=\"elementor-gallery-item__overlay\"><\/div>\n\t\t\t\t\t\t\t\t\t\t\t\t\t\t<\/a>\n\t\t\t\t\t\t\t<a class=\"e-gallery-item elementor-gallery-item elementor-animated-content\" href=\"https:\/\/casavostrahome.com\/wp-content\/uploads\/2025\/06\/19.138-DSC_7737.jpg\" data-elementor-open-lightbox=\"yes\" data-elementor-lightbox-slideshow=\"15fcbfb\" data-elementor-lightbox-title=\"19.138-DSC_7737\" data-elementor-lightbox-description=\"Interiores. Interiors. Algarve. Rustic-chic refurbishments. \" data-e-action-hash=\"#elementor-action%3Aaction%3Dlightbox%26settings%3DeyJpZCI6NDM4OSwidXJsIjoiaHR0cHM6XC9cL2Nhc2F2b3N0cmFob21lLmNvbVwvd3AtY29udGVudFwvdXBsb2Fkc1wvMjAyNVwvMDZcLzE5LjEzOC1EU0NfNzczNy5qcGciLCJzbGlkZXNob3ciOiIxNWZjYmZiIn0%3D\">\n\t\t\t\t\t<div class=\"e-gallery-image elementor-gallery-item__image\" data-thumbnail=\"https:\/\/casavostrahome.com\/wp-content\/uploads\/2025\/06\/19.138-DSC_7737-1024x683.jpg\" data-width=\"580\" data-height=\"387\" aria-label=\"Casavostra home - interiors-porfolio-casa malia\" role=\"img\" ><\/div>\n\t\t\t\t\t\t\t\t\t\t\t<div class=\"elementor-gallery-item__overlay\"><\/div>\n\t\t\t\t\t\t\t\t\t\t\t\t\t\t<\/a>\n\t\t\t\t\t\t\t<a class=\"e-gallery-item elementor-gallery-item elementor-animated-content\" href=\"https:\/\/casavostrahome.com\/wp-content\/uploads\/2025\/06\/13.131-DSC_7728.jpg\" data-elementor-open-lightbox=\"yes\" data-elementor-lightbox-slideshow=\"15fcbfb\" data-elementor-lightbox-title=\"13.131-DSC_7728\" data-elementor-lightbox-description=\"Quarto sereno. Insprira\u00e7\u00e3o interiores, decora\u00e7\u00e3o. Inspiration interiors, serene bedroom.\" data-e-action-hash=\"#elementor-action%3Aaction%3Dlightbox%26settings%3DeyJpZCI6NDM4NywidXJsIjoiaHR0cHM6XC9cL2Nhc2F2b3N0cmFob21lLmNvbVwvd3AtY29udGVudFwvdXBsb2Fkc1wvMjAyNVwvMDZcLzEzLjEzMS1EU0NfNzcyOC5qcGciLCJzbGlkZXNob3ciOiIxNWZjYmZiIn0%3D\">\n\t\t\t\t\t<div class=\"e-gallery-image elementor-gallery-item__image\" data-thumbnail=\"https:\/\/casavostrahome.com\/wp-content\/uploads\/2025\/06\/13.131-DSC_7728-1024x661.jpg\" data-width=\"580\" data-height=\"374\" aria-label=\"Casavostra home - interiors-porfolio-casa malia\" role=\"img\" ><\/div>\n\t\t\t\t\t\t\t\t\t\t\t<div class=\"elementor-gallery-item__overlay\"><\/div>\n\t\t\t\t\t\t\t\t\t\t\t\t\t\t<\/a>\n\t\t\t\t\t\t\t<a class=\"e-gallery-item elementor-gallery-item elementor-animated-content\" href=\"https:\/\/casavostrahome.com\/wp-content\/uploads\/2025\/06\/11.67-DSC_7707m.jpg\" data-elementor-open-lightbox=\"yes\" data-elementor-lightbox-slideshow=\"15fcbfb\" data-elementor-lightbox-title=\"11.67-DSC_7707m\" data-elementor-lightbox-description=\"Quarto sereno. Insprira\u00e7\u00e3o interiores, decora\u00e7\u00e3o. Inspiration interiors, serene bedroom.\" data-e-action-hash=\"#elementor-action%3Aaction%3Dlightbox%26settings%3DeyJpZCI6NDM4NSwidXJsIjoiaHR0cHM6XC9cL2Nhc2F2b3N0cmFob21lLmNvbVwvd3AtY29udGVudFwvdXBsb2Fkc1wvMjAyNVwvMDZcLzExLjY3LURTQ183NzA3bS5qcGciLCJzbGlkZXNob3ciOiIxNWZjYmZiIn0%3D\">\n\t\t\t\t\t<div class=\"e-gallery-image elementor-gallery-item__image\" data-thumbnail=\"https:\/\/casavostrahome.com\/wp-content\/uploads\/2025\/06\/11.67-DSC_7707m-1024x681.jpg\" data-width=\"580\" data-height=\"386\" aria-label=\"Casavostra home - interiors-porfolio-casa malia\" role=\"img\" ><\/div>\n\t\t\t\t\t\t\t\t\t\t\t<div class=\"elementor-gallery-item__overlay\"><\/div>\n\t\t\t\t\t\t\t\t\t\t\t\t\t\t<\/a>\n\t\t\t\t\t\t\t<a class=\"e-gallery-item elementor-gallery-item elementor-animated-content\" href=\"https:\/\/casavostrahome.com\/wp-content\/uploads\/2025\/06\/7.2-Z72_3924.jpg\" data-elementor-open-lightbox=\"yes\" data-elementor-lightbox-slideshow=\"15fcbfb\" data-elementor-lightbox-title=\"7.2-Z72_3924\" data-elementor-lightbox-description=\"Interiores. Interiors. Algarve. Rustic-chic refurbishments. \" data-e-action-hash=\"#elementor-action%3Aaction%3Dlightbox%26settings%3DeyJpZCI6NDM4MywidXJsIjoiaHR0cHM6XC9cL2Nhc2F2b3N0cmFob21lLmNvbVwvd3AtY29udGVudFwvdXBsb2Fkc1wvMjAyNVwvMDZcLzcuMi1aNzJfMzkyNC5qcGciLCJzbGlkZXNob3ciOiIxNWZjYmZiIn0%3D\">\n\t\t\t\t\t<div class=\"e-gallery-image elementor-gallery-item__image\" data-thumbnail=\"https:\/\/casavostrahome.com\/wp-content\/uploads\/2025\/06\/7.2-Z72_3924-683x1024.jpg\" data-width=\"580\" data-height=\"870\" aria-label=\"Casavostra home - interiors-porfolio-casa malia\" role=\"img\" ><\/div>\n\t\t\t\t\t\t\t\t\t\t\t<div class=\"elementor-gallery-item__overlay\"><\/div>\n\t\t\t\t\t\t\t\t\t\t\t\t\t\t<\/a>\n\t\t\t\t\t\t\t<a class=\"e-gallery-item elementor-gallery-item elementor-animated-content\" href=\"https:\/\/casavostrahome.com\/wp-content\/uploads\/2025\/06\/6.7-Z72_3929.jpg\" data-elementor-open-lightbox=\"yes\" data-elementor-lightbox-slideshow=\"15fcbfb\" data-elementor-lightbox-title=\"6.7-Z72_3929\" data-elementor-lightbox-description=\"Quarto sereno. Insprira\u00e7\u00e3o interiores, decora\u00e7\u00e3o. Inspiration interiors, serene bedroom.\" data-e-action-hash=\"#elementor-action%3Aaction%3Dlightbox%26settings%3DeyJpZCI6NDM4MSwidXJsIjoiaHR0cHM6XC9cL2Nhc2F2b3N0cmFob21lLmNvbVwvd3AtY29udGVudFwvdXBsb2Fkc1wvMjAyNVwvMDZcLzYuNy1aNzJfMzkyOS5qcGciLCJzbGlkZXNob3ciOiIxNWZjYmZiIn0%3D\">\n\t\t\t\t\t<div class=\"e-gallery-image elementor-gallery-item__image\" data-thumbnail=\"https:\/\/casavostrahome.com\/wp-content\/uploads\/2025\/06\/6.7-Z72_3929-683x1024.jpg\" data-width=\"580\" data-height=\"870\" aria-label=\"Casavostra home - interiors-porfolio-casa malia\" role=\"img\" ><\/div>\n\t\t\t\t\t\t\t\t\t\t\t<div class=\"elementor-gallery-item__overlay\"><\/div>\n\t\t\t\t\t\t\t\t\t\t\t\t\t\t<\/a>\n\t\t\t\t\t\t\t<a class=\"e-gallery-item elementor-gallery-item elementor-animated-content\" href=\"https:\/\/casavostrahome.com\/wp-content\/uploads\/2025\/06\/5.11-Z72_3934.jpg\" data-elementor-open-lightbox=\"yes\" data-elementor-lightbox-slideshow=\"15fcbfb\" data-elementor-lightbox-title=\"5.11-Z72_3934\" data-elementor-lightbox-description=\"Quarto sereno. Insprira\u00e7\u00e3o interiores, decora\u00e7\u00e3o. Inspiration interiors, serene bedroom.\" data-e-action-hash=\"#elementor-action%3Aaction%3Dlightbox%26settings%3DeyJpZCI6NDM3OSwidXJsIjoiaHR0cHM6XC9cL2Nhc2F2b3N0cmFob21lLmNvbVwvd3AtY29udGVudFwvdXBsb2Fkc1wvMjAyNVwvMDZcLzUuMTEtWjcyXzM5MzQuanBnIiwic2xpZGVzaG93IjoiMTVmY2JmYiJ9\">\n\t\t\t\t\t<div class=\"e-gallery-image elementor-gallery-item__image\" data-thumbnail=\"https:\/\/casavostrahome.com\/wp-content\/uploads\/2025\/06\/5.11-Z72_3934-1024x683.jpg\" data-width=\"580\" data-height=\"387\" aria-label=\"Casavostra home - interiors-porfolio-casa malia\" role=\"img\" ><\/div>\n\t\t\t\t\t\t\t\t\t\t\t<div class=\"elementor-gallery-item__overlay\"><\/div>\n\t\t\t\t\t\t\t\t\t\t\t\t\t\t<\/a>\n\t\t\t\t\t\t\t<a class=\"e-gallery-item elementor-gallery-item elementor-animated-content\" href=\"https:\/\/casavostrahome.com\/wp-content\/uploads\/2025\/06\/5.1.190-Z72_4149.jpg\" data-elementor-open-lightbox=\"yes\" data-elementor-lightbox-slideshow=\"15fcbfb\" data-elementor-lightbox-title=\"5.1.190-Z72_4149\" data-elementor-lightbox-description=\"inspira\u00e7\u00e3o cozinha rustic-chic. Cozinha de madeira.\" data-e-action-hash=\"#elementor-action%3Aaction%3Dlightbox%26settings%3DeyJpZCI6NDM3NywidXJsIjoiaHR0cHM6XC9cL2Nhc2F2b3N0cmFob21lLmNvbVwvd3AtY29udGVudFwvdXBsb2Fkc1wvMjAyNVwvMDZcLzUuMS4xOTAtWjcyXzQxNDkuanBnIiwic2xpZGVzaG93IjoiMTVmY2JmYiJ9\">\n\t\t\t\t\t<div class=\"e-gallery-image elementor-gallery-item__image\" data-thumbnail=\"https:\/\/casavostrahome.com\/wp-content\/uploads\/2025\/06\/5.1.190-Z72_4149-683x1024.jpg\" data-width=\"580\" data-height=\"870\" aria-label=\"Casavostra home - interiors-porfolio-casa malia\" role=\"img\" ><\/div>\n\t\t\t\t\t\t\t\t\t\t\t<div class=\"elementor-gallery-item__overlay\"><\/div>\n\t\t\t\t\t\t\t\t\t\t\t\t\t\t<\/a>\n\t\t\t\t\t<\/div>\n\t\t\t\t\t<\/div>\n\t\t\t\t\t<\/div>\n\t\t<\/div>\n\t\t\t\t\t<\/div>\n\t\t<\/section>\n\t\t\t\t<section class=\"elementor-section elementor-top-section elementor-element elementor-element-868d701 elementor-hidden-phone elementor-section-boxed elementor-section-height-default elementor-section-height-default\" data-id=\"868d701\" data-element_type=\"section\" data-e-type=\"section\">\n\t\t\t\t\t\t<div class=\"elementor-container elementor-column-gap-default\">\n\t\t\t\t\t<div class=\"elementor-column elementor-col-100 elementor-top-column elementor-element elementor-element-5fb2e36\" data-id=\"5fb2e36\" data-element_type=\"column\" data-e-type=\"column\">\n\t\t\t<div class=\"elementor-widget-wrap elementor-element-populated\">\n\t\t\t\t\t\t<div class=\"elementor-element elementor-element-f7da6fd elementor-align-center elementor-widget elementor-widget-button\" data-id=\"f7da6fd\" data-element_type=\"widget\" data-e-type=\"widget\" data-widget_type=\"button.default\">\n\t\t\t\t\t\t\t\t\t\t<a class=\"elementor-button elementor-button-link elementor-size-sm\" href=\"https:\/\/casavostrahome.com\/en\/tavira-project\">\n\t\t\t\t\t\t<span class=\"elementor-button-content-wrapper\">\n\t\t\t\t\t\t\t\t\t<span class=\"elementor-button-text\">See next project<\/span>\n\t\t\t\t\t<\/span>\n\t\t\t\t\t<\/a>\n\t\t\t\t\t\t\t\t<\/div>\n\t\t\t\t\t<\/div>\n\t\t<\/div>\n\t\t\t\t\t<\/div>\n\t\t<\/section>\n\t\t\t\t<\/div>\n\t\t","protected":false},"excerpt":{"rendered":"<p>CASA MALIA See next project<\/p>\n","protected":false},"author":5,"featured_media":0,"parent":0,"menu_order":0,"comment_status":"closed","ping_status":"closed","template":"elementor_header_footer","meta":{"inline_featured_image":false,"footnotes":""},"class_list":["post-4106","page","type-page","status-publish","hentry"],"_links":{"self":[{"href":"https:\/\/casavostrahome.com\/en\/wp-json\/wp\/v2\/pages\/4106","targetHints":{"allow":["GET"]}}],"collection":[{"href":"https:\/\/casavostrahome.com\/en\/wp-json\/wp\/v2\/pages"}],"about":[{"href":"https:\/\/casavostrahome.com\/en\/wp-json\/wp\/v2\/types\/page"}],"author":[{"embeddable":true,"href":"https:\/\/casavostrahome.com\/en\/wp-json\/wp\/v2\/users\/5"}],"replies":[{"embeddable":true,"href":"https:\/\/casavostrahome.com\/en\/wp-json\/wp\/v2\/comments?post=4106"}],"version-history":[{"count":9,"href":"https:\/\/casavostrahome.com\/en\/wp-json\/wp\/v2\/pages\/4106\/revisions"}],"predecessor-version":[{"id":4542,"href":"https:\/\/casavostrahome.com\/en\/wp-json\/wp\/v2\/pages\/4106\/revisions\/4542"}],"wp:attachment":[{"href":"https:\/\/casavostrahome.com\/en\/wp-json\/wp\/v2\/media?parent=4106"}],"curies":[{"name":"wp","href":"https:\/\/api.w.org\/{rel}","templated":true}]}}